{"id":13,"date":"2021-12-11T23:54:04","date_gmt":"2021-12-11T22:54:04","guid":{"rendered":"http:\/\/erasmus.edu-it.com.pl\/?page_id=13"},"modified":"2025-10-17T15:29:49","modified_gmt":"2025-10-17T13:29:49","slug":"about-constrtium","status":"publish","type":"page","link":"https:\/\/konsorcjum.edu-it.com.pl\/index.php\/about-constrtium\/","title":{"rendered":"About consortium"},"content":{"rendered":"\n<p>Erasmus accreditations are a tool for organisations involved in vocational education and training that want to open up to international exchange and cooperation. The granting of Erasmus accreditation confirms that the organisation has established a plan to implement high-quality mobility activities and use them to improve the educational and training offer of the consortium of schools and organisations.<\/p>\n\n\n\n<p>In 2020, EDU-IT received Erasmus accreditation as the Consortium coordinator in the field of vocational education and training. The aim of the Consortium is to facilitate cooperation between the parties and the joint implementation of Erasmus+ mobility projects in the 2021-2027 financial perspective.<\/p>\n\n\n\n<p>EDU-IT has experience as a host organisation, implementing professional internships in Rzesz\u00f3w and Podkarpacie as part of the Erasmus+ programme for pupils and students<\/p>\n\n\n\n<p>Over the past 10 years, we have organised internships and work placements for over 1,500 vocational school students from all over Europe, including Lithuania, Hungary, Belgium, Spain, Portugal, Italy, Sweden, Finland, Norway, Turkey, as well as vocational training and internships for around 50 vocational teachers.<\/p>\n\n\n\n<p class=\"has-large-font-size\">MEMBERS<\/p>\n\n\n\n<p><strong>The consortium consists of the following institutions:<\/strong><\/p>\n\n\n\n<figure class=\"wp-block-table is-style-stripes\"><table><thead><tr><th>Facility name<\/th><th>Specialization<\/th><\/tr><\/thead><tbody><tr><td>Consortium leader: EDU- IT<br><br><a href=\"https:\/\/edu-it.com.pl\/\">www.edu-it.com.pl<\/a><\/td><td>conducting and organizing training and vocational courses, including qualification, career counseling, training of social competences, psychological support, etc., implementation of courses, trainings, workshops, trips, internships and apprenticeships<\/td><\/tr><tr><td>Zesp\u00f3\u0142 Szk\u00f3\u0142 Drogowo-Geodezyjnych <br>i Licealnych w Jaros\u0142awiu<br><br><a href=\"https:\/\/www.tdgjar.edu.pl\/\">www.tdgjar.edu.pl<\/a><\/td><td><em>Technical school: <\/em><br>surveyor technician<\/td><\/tr><tr><td>Zesp\u00f3\u0142 Szk\u00f3\u0142 Technicznych<br>w \u0141a\u0144cucie<br><br><a href=\"https:\/\/www.zstlancut.pl\/\">www.zstlancut.pl<\/a><\/td><td><em>Technical school: <\/em><br>automotive technician <br>construction technician <br>landscape architecture technician <br>welding technician <br>logistics technician <br><em>Vocational school of the 1st degree:<\/em> <br>automotive mechanic <br>automotive electromechanic <br>mechanical driver fitter of bodywork and finishing works in construction<\/td><\/tr><tr><td>Powiatowe Centrum Kszta\u0142cenia Zawodowego im. Felicjana Dzier\u017canowskiego<br>w \u0141a\u0144cucie<br><br><a href=\"http:\/\/pckz.pl\/\">www.pckpiez-lancut.pl<\/a><\/td><td>automotive technician<br>car mechanic<br>car electromechanic<br>operator of CNC machines<br>technician of agricultural mechanization<br>construction technician<br>landscape architecture technician<\/td><\/tr><tr><td>Zesp\u00f3\u0142 Szk\u00f3\u0142 Nr 2 im. Jana Kochanowskiego w \u0141a\u0144cucie<br><br><a href=\"https:\/\/zs2lancut.pl\/\">www.zs2lancut.pl<\/a><\/td><td><em>Technical school: <\/em><br>programming technician <br>mechatronics technician <br>computer technician <br>aircraft mechanic technician <br><em>High School: <\/em><br>police profile <br>military profile<\/td><\/tr><tr><td>Zesp\u00f3\u0142 Szk\u00f3\u0142 Energetycznych <br>im. gen. W\u0142adys\u0142awa Sikorskiego <br>w Rzeszowie<br><br><a href=\"https:\/\/energetyk.ires.pl\/\">www.energetyk.ires.pl<\/a><\/td><td><em>Technical school: <\/em><br>electrical technician <br>computer technician<br>photography and multimedia technician <br>renewable energy equipment and systems technician electronics technician<\/td><\/tr><tr><td>Zesp\u00f3\u0142 Szk\u00f3\u0142 Mechanicznych im. gen. W\u0142adys\u0142awa Andersa w Rzeszowie<br><br><a href=\"https:\/\/zsm.resman.pl\/\">www.zsm.resman.pl<\/a><\/td><td><em>Technical school: <\/em><br>aviation mechanic technician <br>robotics technician <br>avionics technician <br>airport operations technician <br>mechatronics technician <br>mechanical technician <br>hairdressing technician<\/td><\/tr><tr><td>Zesp\u00f3\u0142 Szk\u00f3\u0142 Technicznych <br>w Mielcu<br><br><a href=\"https:\/\/zstmielec.pl\/\">www.zstmielec.pl<\/a><\/td><td>Technical school: <br>food and catering services technician with dietetics <br>automotive technician <br>aircraft mechanic technician <br>avionics technician <br>mechanical technician (CNC) <br>IT technician <br>digital graphics and printing technician <br>robotics technician <br>programming technician <br>electromobility technician <br>Vocational School of the 1st degree: <br>confectioner <br>cook <br>waiter with barista <br>cutting machine operator <br>automotive mechanic<\/td><\/tr><tr><td>Zesp\u00f3\u0142 Szk\u00f3\u0142 Samochodowych <br>w Rzeszowie<br><br><a href=\"https:\/\/samochodowka.rzeszow.pl\/\">www.samochodowka.rzeszow.pl<\/a><\/td><td><em>Technical school: <\/em><br>mechatronics technician <br>automotive technician <br><em>Vocational school of the 1st degree: <\/em><br>automotive electromechanic <br>painter <br>automotive mechanic <br>automotive bodyworker<br>motorcycle mechanic<br>mechatronics technician<br>mechanical driver<\/td><\/tr><tr><td>Centrum Edukacji Zawodowej <br>w Stalowej Woli<br><br><a href=\"https:\/\/www.cezstalowawola.pl\/\">www.cezstalowawola.pl<\/a><\/td><td><em>Technical school: <\/em><br>mechanical technician<br>automotive technician <br>programming technician <br>computer technician <br>advertising technician <br>mechatronics technician <br>hairdressing technician <br>electrical technician <br><em>Vocational school of the first degree: <\/em><br>machine tool operator<br>automotive mechanic<br>car painter<\/td><\/tr><tr><td>Zesp\u00f3\u0142 Szk\u00f3\u0142 im. prof. Janusza Groszkowskiego w Mielcu<br><br><a href=\"https:\/\/www.zs.mielec.pl\/\">www.zs.mielec.pl<\/a><\/td><td><em>Technical school: <\/em><br>electrical technician &#8211; military training unit <br>electronics technician &#8211; military training unit <br>IT technician <br>mechatronics technician <br>automation technician <br>welding technician <br>styling technician <br>hairdressing technician <br>hotel technician <br><em>Vocational School of the 1st degree: <\/em><br>hairdresser <br>automotive electromechanic <br>electrician<\/td><\/tr><tr><td>Zesp\u00f3\u0142 Szk\u00f3\u0142 Spo\u017cywczych i Biznesowych im. Marii Curie \u2013 Sk\u0142odowskiej <br>w Jaros\u0142awiu<br><br><a href=\"https:\/\/zssibjaroslaw.edu.pl\/\">www.zssibjaroslaw.edu.pl<\/a><\/td><td>Technical school: <br>food technology technician <br>analytical technician <br>nutrition technician<br>hotel technician <br>hairdressing technician <br>Vocational school of the first degree: <br>food industry machine and equipment operator <br>waiter <br>cook <br>hairdresser <br>hotel service employee <br>confectioner<\/td><\/tr><tr><td>Zesp\u00f3\u0142 Szk\u00f3\u0142 Nr 1 im. Ambro\u017cego Towarnickiego w Rzeszowie<br><br><a href=\"https:\/\/tb.resman.pl\/\">www.tb.resman.pl<\/a><\/td><td>Technical school: <br>construction technician <br>sanitary engineering technician <br>construction finishing technician<\/td><\/tr><\/tbody><\/table><\/figure>\n\n\n\n<p class=\"has-large-font-size\">GOALS<\/p>\n\n\n\n<p>The main goal of the consortium is to promote the rapprochement and cooperation of vocational schools with employers \/ enterprises. The aim of the consortium is also cooperation and joint action for the development of vocational education and cooperation with employers. The mission is to create a strong group of vocational training institutions with know-how and good practices, cooperating together, which will affect the entire Podkarpacie region.<\/p>\n\n\n\n<p>The needs and challenges of the consortium members are:<\/p>\n\n\n\n<p>1) implementation of the offered education in cooperation with highly developed European enterprises,<\/p>\n\n\n\n<p>2) development of cooperation with European institutions of vocational education,<\/p>\n\n\n\n<p>3) improving the quality of teaching and the results of vocational examinations,<\/p>\n\n\n\n<p>4) improving the ability to communicate in a foreign language in the professional matters of students and staff,<\/p>\n\n\n\n<p>5) staff development by updating knowledge and professional skills, participation in high-quality industry training updating professional knowledge, participation in job shadowing, etc.<\/p>\n\n\n\n<p>6) exchange of contacts, experience as well as systems and methods of education between teachers from Poland and foreign staff dealing with vocational education,<\/p>\n\n\n\n<p>7) adapting the existing training systems, forms and methods of education to the needs and requirements of domestic and foreign employers,<\/p>\n\n\n\n<p>8) increasing the professional mobility of graduates of the institutions forming the consortium.<\/p>\n","protected":false},"excerpt":{"rendered":"<p>Erasmus accreditations are a tool for organisations involved in vocational education and training that want to open up to international exchange and cooperation. The granting of Erasmus accreditation confirms that the organisation has established a plan to implement high-quality mobility activities and use them to improve the educational and training offer of the consortium of\u2026 <span class=\"read-more\"><a href=\"https:\/\/konsorcjum.edu-it.com.pl\/index.php\/about-constrtium\/\">Dowiedz si\u0119 wi\u0119cej &raquo;<\/a><\/span><\/p>\n","protected":false},"author":2,"featured_media":0,"parent":0,"menu_order":0,"comment_status":"closed","ping_status":"closed","template":"","meta":{"footnotes":""},"_links":{"self":[{"href":"https:\/\/konsorcjum.edu-it.com.pl\/index.php\/wp-json\/wp\/v2\/pages\/13"}],"collection":[{"href":"https:\/\/konsorcjum.edu-it.com.pl\/index.php\/wp-json\/wp\/v2\/pages"}],"about":[{"href":"https:\/\/konsorcjum.edu-it.com.pl\/index.php\/wp-json\/wp\/v2\/types\/page"}],"author":[{"embeddable":true,"href":"https:\/\/konsorcjum.edu-it.com.pl\/index.php\/wp-json\/wp\/v2\/users\/2"}],"replies":[{"embeddable":true,"href":"https:\/\/konsorcjum.edu-it.com.pl\/index.php\/wp-json\/wp\/v2\/comments?post=13"}],"version-history":[{"count":9,"href":"https:\/\/konsorcjum.edu-it.com.pl\/index.php\/wp-json\/wp\/v2\/pages\/13\/revisions"}],"predecessor-version":[{"id":862,"href":"https:\/\/konsorcjum.edu-it.com.pl\/index.php\/wp-json\/wp\/v2\/pages\/13\/revisions\/862"}],"wp:attachment":[{"href":"https:\/\/konsorcjum.edu-it.com.pl\/index.php\/wp-json\/wp\/v2\/media?parent=13"}],"curies":[{"name":"wp","href":"https:\/\/api.w.org\/{rel}","templated":true}]}}