{"id":12,"date":"2021-12-11T23:54:03","date_gmt":"2021-12-11T22:54:03","guid":{"rendered":"http:\/\/erasmus.edu-it.com.pl\/?page_id=12"},"modified":"2025-09-02T11:01:33","modified_gmt":"2025-09-02T09:01:33","slug":"dokumenty","status":"publish","type":"page","link":"https:\/\/konsorcjum.edu-it.com.pl\/index.php\/dokumenty\/","title":{"rendered":"Dokumenty rekrutacyjne"},"content":{"rendered":"\n<p><strong>Dokumenty 2025\/2026<\/strong><\/p>\n\n\n\n<div class=\"wp-block-file\"><a id=\"wp-block-file--media-5209f0bc-a8d4-4a56-a25c-578c8620d724\" href=\"https:\/\/konsorcjum.edu-it.com.pl\/wp-content\/uploads\/2025\/09\/Regulamin-rekrutacji.docx\">Regulamin-rekrutacji<\/a><a href=\"https:\/\/konsorcjum.edu-it.com.pl\/wp-content\/uploads\/2025\/09\/Regulamin-rekrutacji.docx\" class=\"wp-block-file__button wp-element-button\" download aria-describedby=\"wp-block-file--media-5209f0bc-a8d4-4a56-a25c-578c8620d724\">Pobierz<\/a><\/div>\n\n\n\n<div class=\"wp-block-file\"><a id=\"wp-block-file--media-ef0dee45-129b-43d6-a553-f66ac8509b7c\" href=\"https:\/\/konsorcjum.edu-it.com.pl\/wp-content\/uploads\/2025\/09\/Ogloszenie-rekrutacja-dla-uczniow.docx\">Ogloszenie-rekrutacja-dla-uczniow<\/a><a href=\"https:\/\/konsorcjum.edu-it.com.pl\/wp-content\/uploads\/2025\/09\/Ogloszenie-rekrutacja-dla-uczniow.docx\" class=\"wp-block-file__button wp-element-button\" download aria-describedby=\"wp-block-file--media-ef0dee45-129b-43d6-a553-f66ac8509b7c\">Pobierz<\/a><\/div>\n\n\n\n<div class=\"wp-block-file\"><a id=\"wp-block-file--media-dbbea9db-ffef-4564-9abc-01e887eebe59\" href=\"https:\/\/konsorcjum.edu-it.com.pl\/wp-content\/uploads\/2025\/09\/Ogloszenie-rekrutacja-job-shadowing.docx\">Ogloszenie-rekrutacja-job-shadowing<\/a><a href=\"https:\/\/konsorcjum.edu-it.com.pl\/wp-content\/uploads\/2025\/09\/Ogloszenie-rekrutacja-job-shadowing.docx\" class=\"wp-block-file__button wp-element-button\" download aria-describedby=\"wp-block-file--media-dbbea9db-ffef-4564-9abc-01e887eebe59\">Pobierz<\/a><\/div>\n\n\n\n<div class=\"wp-block-file\"><a id=\"wp-block-file--media-a0264fc5-89fc-4374-9d70-93a38f415021\" href=\"https:\/\/konsorcjum.edu-it.com.pl\/wp-content\/uploads\/2025\/09\/formularz-zgloszeniowy-dla-uczniow.docx\">formularz-zgloszeniowy-dla-uczniow<\/a><a href=\"https:\/\/konsorcjum.edu-it.com.pl\/wp-content\/uploads\/2025\/09\/formularz-zgloszeniowy-dla-uczniow.docx\" class=\"wp-block-file__button wp-element-button\" download aria-describedby=\"wp-block-file--media-a0264fc5-89fc-4374-9d70-93a38f415021\">Pobierz<\/a><\/div>\n\n\n\n<div class=\"wp-block-file\"><a id=\"wp-block-file--media-c59cd235-2039-46fe-a6f7-473d797a6db6\" href=\"https:\/\/konsorcjum.edu-it.com.pl\/wp-content\/uploads\/2025\/09\/formularz-zgloszeniowy-job-shadowing.docx\">formularz-zgloszeniowy-job-shadowing<\/a><a href=\"https:\/\/konsorcjum.edu-it.com.pl\/wp-content\/uploads\/2025\/09\/formularz-zgloszeniowy-job-shadowing.docx\" class=\"wp-block-file__button wp-element-button\" download aria-describedby=\"wp-block-file--media-c59cd235-2039-46fe-a6f7-473d797a6db6\">Pobierz<\/a><\/div>\n\n\n\n<div class=\"wp-block-file\"><a id=\"wp-block-file--media-f9b8c411-d7e8-4b57-baac-c7376b076f2e\" href=\"https:\/\/konsorcjum.edu-it.com.pl\/wp-content\/uploads\/2025\/09\/Zalacznik-nr-1-oswiadczenie-o-rezygnacji.docx\">Zalacznik-nr-1-oswiadczenie-o-rezygnacji<\/a><a href=\"https:\/\/konsorcjum.edu-it.com.pl\/wp-content\/uploads\/2025\/09\/Zalacznik-nr-1-oswiadczenie-o-rezygnacji.docx\" class=\"wp-block-file__button wp-element-button\" download aria-describedby=\"wp-block-file--media-f9b8c411-d7e8-4b57-baac-c7376b076f2e\">Pobierz<\/a><\/div>\n\n\n\n<p><\/p>\n\n\n\n<p><strong>Dokumenty 2024\/2025<\/strong><\/p>\n\n\n\n<div class=\"wp-block-file\"><a id=\"wp-block-file--media-8c5bfb4d-820a-438d-9657-a5667bfca325\" href=\"https:\/\/konsorcjum.edu-it.com.pl\/wp-content\/uploads\/2025\/04\/Regulamin-rekrutacji.docx\">Regulamin rekrutacji<\/a><a href=\"https:\/\/konsorcjum.edu-it.com.pl\/wp-content\/uploads\/2025\/04\/Regulamin-rekrutacji.docx\" class=\"wp-block-file__button wp-element-button\" download aria-describedby=\"wp-block-file--media-8c5bfb4d-820a-438d-9657-a5667bfca325\">Pobierz<\/a><\/div>\n\n\n\n<div class=\"wp-block-file\"><a id=\"wp-block-file--media-2236edd5-e20f-4441-b8fc-fddfffe7a1fd\" href=\"https:\/\/konsorcjum.edu-it.com.pl\/wp-content\/uploads\/2024\/09\/Ogloszenie-rekrutacja-dla-uczniow.docx\">Og\u0142oszenie-rekrutacja dla uczni\u00f3w<\/a><a href=\"https:\/\/konsorcjum.edu-it.com.pl\/wp-content\/uploads\/2024\/09\/Ogloszenie-rekrutacja-dla-uczniow.docx\" class=\"wp-block-file__button wp-element-button\" download aria-describedby=\"wp-block-file--media-2236edd5-e20f-4441-b8fc-fddfffe7a1fd\">Pobierz<\/a><\/div>\n\n\n\n<div class=\"wp-block-file\"><a id=\"wp-block-file--media-c8fb33ed-9008-4503-a0e0-0b4f2cc547b2\" href=\"https:\/\/konsorcjum.edu-it.com.pl\/wp-content\/uploads\/2024\/09\/Ogloszenie-rekrutacja-dla-nauczycieli.docx\">Og\u0142oszenie-rekrutacja dla nauczycieli<\/a><a href=\"https:\/\/konsorcjum.edu-it.com.pl\/wp-content\/uploads\/2024\/09\/Ogloszenie-rekrutacja-dla-nauczycieli.docx\" class=\"wp-block-file__button wp-element-button\" download aria-describedby=\"wp-block-file--media-c8fb33ed-9008-4503-a0e0-0b4f2cc547b2\">Pobierz<\/a><\/div>\n\n\n\n<div class=\"wp-block-file\"><a id=\"wp-block-file--media-1c7c21b0-fb4a-4cce-858c-3995d8ce3144\" href=\"https:\/\/konsorcjum.edu-it.com.pl\/wp-content\/uploads\/2024\/09\/formularz-zgloszeniowy-dla-uczniow.docx\">formularz-zgloszeniowy-dla uczni\u00f3w<\/a><a href=\"https:\/\/konsorcjum.edu-it.com.pl\/wp-content\/uploads\/2024\/09\/formularz-zgloszeniowy-dla-uczniow.docx\" class=\"wp-block-file__button wp-element-button\" download aria-describedby=\"wp-block-file--media-1c7c21b0-fb4a-4cce-858c-3995d8ce3144\">Pobierz<\/a><\/div>\n\n\n\n<div class=\"wp-block-file\"><a id=\"wp-block-file--media-74f0fc82-7bf1-439a-a5ca-1db907046291\" href=\"https:\/\/konsorcjum.edu-it.com.pl\/wp-content\/uploads\/2024\/09\/formularz-zgloszeniowy-dla-nauczycieli.docx\">formularz-zgloszeniowy-dla nauczycieli<\/a><a href=\"https:\/\/konsorcjum.edu-it.com.pl\/wp-content\/uploads\/2024\/09\/formularz-zgloszeniowy-dla-nauczycieli.docx\" class=\"wp-block-file__button wp-element-button\" download aria-describedby=\"wp-block-file--media-74f0fc82-7bf1-439a-a5ca-1db907046291\">Pobierz<\/a><\/div>\n\n\n\n<div class=\"wp-block-file\"><a id=\"wp-block-file--media-dca978b1-8b99-4f40-97d5-f3559854d555\" href=\"https:\/\/konsorcjum.edu-it.com.pl\/wp-content\/uploads\/2025\/08\/Zalacznik-nr-1-oswiadczenie-o-rezygnacji.docx\">Za\u0142\u0105cznik nr 1 &#8211; o\u015bwiadczenie o rezygnacji<\/a><a href=\"https:\/\/konsorcjum.edu-it.com.pl\/wp-content\/uploads\/2025\/08\/Zalacznik-nr-1-oswiadczenie-o-rezygnacji.docx\" class=\"wp-block-file__button wp-element-button\" download aria-describedby=\"wp-block-file--media-dca978b1-8b99-4f40-97d5-f3559854d555\">Pobierz<\/a><\/div>\n\n\n\n<p><\/p>\n\n\n\n<div class=\"wp-block-columns is-layout-flex wp-container-core-columns-is-layout-2 wp-block-columns-is-layout-flex\">\n<div class=\"wp-block-column is-layout-flow wp-block-column-is-layout-flow\" style=\"flex-basis:100%\">\n<div class=\"wp-block-columns is-layout-flex wp-container-core-columns-is-layout-1 wp-block-columns-is-layout-flex\">\n<div class=\"wp-block-column is-layout-flow wp-block-column-is-layout-flow\" style=\"flex-basis:100%\">\n<div class=\"wp-block-group\"><div class=\"wp-block-group__inner-container is-layout-constrained wp-block-group-is-layout-constrained\">\n<div class=\"wp-block-buttons is-layout-flex wp-block-buttons-is-layout-flex\">\n<div class=\"wp-block-button\"><a class=\"wp-block-button__link wp-element-button\">Dokumenty 2023\/2024<\/a><\/div>\n<\/div>\n<\/div><\/div>\n<\/div>\n<\/div>\n<\/div>\n<\/div>\n\n\n\n<p>WYNIKI :<\/p>\n\n\n\n<p>Lista zakwalifikowanych uczni\u00f3w: <a href=\"https:\/\/konsorcjum.edu-it.com.pl\/wp-content\/uploads\/2024\/01\/Lista-zakwalifikowanych-uczniow-1.pdf\">Lista uczni\u00f3w.pdf<\/a><\/p>\n\n\n\n<p>Lista zakwalifikowanych nauczycieli:  <a href=\"https:\/\/konsorcjum.edu-it.com.pl\/wp-content\/uploads\/2024\/01\/Lista-zakwalifikowanych-nauczycieli-1.pdf\">Lista nauczycieli.pdf<\/a><\/p>\n\n\n\n<div class=\"wp-block-file\"><a id=\"wp-block-file--media-9cebbe4c-8ad0-4ce2-821d-5d0b32a365e0\" href=\"https:\/\/konsorcjum.edu-it.com.pl\/wp-content\/uploads\/2023\/12\/REGULAMIN-rekrutacji-2024.docx\">Regulamin rekrutacji<\/a><a href=\"https:\/\/konsorcjum.edu-it.com.pl\/wp-content\/uploads\/2023\/12\/REGULAMIN-rekrutacji-2024.docx\" class=\"wp-block-file__button wp-element-button\" download aria-describedby=\"wp-block-file--media-9cebbe4c-8ad0-4ce2-821d-5d0b32a365e0\">Pobierz<\/a><\/div>\n\n\n\n<div class=\"wp-block-file\"><a id=\"wp-block-file--media-68240de5-f298-48f6-a442-c77b3bcfc83e\" href=\"https:\/\/konsorcjum.edu-it.com.pl\/wp-content\/uploads\/2023\/12\/Ogloszenie-uczniowie-2024.docx\">Og\u0142oszenie o rekrutacji uczniowie<\/a><a href=\"https:\/\/konsorcjum.edu-it.com.pl\/wp-content\/uploads\/2023\/12\/Ogloszenie-uczniowie-2024.docx\" class=\"wp-block-file__button wp-element-button\" download aria-describedby=\"wp-block-file--media-68240de5-f298-48f6-a442-c77b3bcfc83e\">Pobierz<\/a><\/div>\n\n\n\n<div class=\"wp-block-file\"><a id=\"wp-block-file--media-809ea132-ac86-4d0f-a2e6-056ef646cc2c\" href=\"https:\/\/konsorcjum.edu-it.com.pl\/wp-content\/uploads\/2023\/12\/Ogloszenie-nauczyciele-2024.docx\">Og\u0142oszenie o rekrutacji nauczyciele<\/a><a href=\"https:\/\/konsorcjum.edu-it.com.pl\/wp-content\/uploads\/2023\/12\/Ogloszenie-nauczyciele-2024.docx\" class=\"wp-block-file__button wp-element-button\" download aria-describedby=\"wp-block-file--media-809ea132-ac86-4d0f-a2e6-056ef646cc2c\">Pobierz<\/a><\/div>\n\n\n\n<div class=\"wp-block-file\"><a id=\"wp-block-file--media-a192ecd5-2dcc-4244-8a27-f5ddfb61b64a\" href=\"https:\/\/konsorcjum.edu-it.com.pl\/wp-content\/uploads\/2023\/12\/formularz-zgloszeniowy-dla-ucznia-2024.docx\">Formularz zg\u0142oszeniowy dla ucznia<\/a><a href=\"https:\/\/konsorcjum.edu-it.com.pl\/wp-content\/uploads\/2023\/12\/formularz-zgloszeniowy-dla-ucznia-2024.docx\" class=\"wp-block-file__button wp-element-button\" download aria-describedby=\"wp-block-file--media-a192ecd5-2dcc-4244-8a27-f5ddfb61b64a\">Pobierz<\/a><\/div>\n\n\n\n<div class=\"wp-block-file\"><a id=\"wp-block-file--media-10ee58e1-90ec-4433-873f-d74714742bbb\" href=\"https:\/\/konsorcjum.edu-it.com.pl\/wp-content\/uploads\/2023\/12\/formularz-zgloszeniowy-nauczyciel-2024.docx\">Formularz zg\u0142oszeniowy dla nauczyciela<\/a><a href=\"https:\/\/konsorcjum.edu-it.com.pl\/wp-content\/uploads\/2023\/12\/formularz-zgloszeniowy-nauczyciel-2024.docx\" class=\"wp-block-file__button wp-element-button\" download aria-describedby=\"wp-block-file--media-10ee58e1-90ec-4433-873f-d74714742bbb\">Pobierz<\/a><\/div>\n\n\n\n<div class=\"wp-block-file\"><a id=\"wp-block-file--media-acff73d8-3d40-4410-b1ee-7d07bedbfb0b\" href=\"https:\/\/konsorcjum.edu-it.com.pl\/wp-content\/uploads\/2023\/12\/Zalacznik-nr-1-oswiadczenie-o-rezygnacji-1.docx\">Zalacznik-nr-1-oswiadczenie-o-rezygnacji-1<\/a><a href=\"https:\/\/konsorcjum.edu-it.com.pl\/wp-content\/uploads\/2023\/12\/Zalacznik-nr-1-oswiadczenie-o-rezygnacji-1.docx\" class=\"wp-block-file__button wp-element-button\" download aria-describedby=\"wp-block-file--media-acff73d8-3d40-4410-b1ee-7d07bedbfb0b\">Pobierz<\/a><\/div>\n\n\n\n<h2 class=\"wp-block-heading\">Dokumenty 2022\/2023<\/h2>\n\n\n\n<p>Regulamin rekrutacji <a href=\"https:\/\/konsorcjum.edu-it.com.pl\/wp-content\/uploads\/2022\/11\/REGULAMIN-rekrutacji-2023.docx\" data-type=\"URL\" data-id=\"https:\/\/konsorcjum.edu-it.com.pl\/wp-content\/uploads\/2022\/11\/REGULAMIN-rekrutacji-2023.docx\">pobierz<\/a><\/p>\n\n\n\n<p>Og\u0142oszenie o rekrutacji uczniowie <a href=\"https:\/\/konsorcjum.edu-it.com.pl\/wp-content\/uploads\/2022\/11\/Ogloszenie-uczniowie-2023.docx\" data-type=\"URL\" data-id=\"https:\/\/konsorcjum.edu-it.com.pl\/wp-content\/uploads\/2022\/11\/Ogloszenie-uczniowie-2023.docx\">pobierz<\/a><\/p>\n\n\n\n<p>Og\u0142oszenie o rekrutacji nauczyciele <a href=\"https:\/\/konsorcjum.edu-it.com.pl\/wp-content\/uploads\/2022\/11\/Ogloszenie-nauczyciele-2023.docx\" data-type=\"URL\" data-id=\"https:\/\/erasmus.edu-it.com.pl\/wp-content\/uploads\/2022\/11\/Ogloszenie-nauczyciele-2023.docx\">pobierz<\/a><\/p>\n\n\n\n<p>Formularz zg\u0142oszeniowy dla ucznia <a href=\"https:\/\/konsorcjum.edu-it.com.pl\/wp-content\/uploads\/2022\/11\/formularz-zgloszeniowy-dla-ucznia-2023.docx\" data-type=\"URL\" data-id=\"https:\/\/konsorcjum.edu-it.com.pl\/wp-content\/uploads\/2022\/11\/formularz-zgloszeniowy-dla-ucznia-2023.docx\">pobierz<\/a><\/p>\n\n\n\n<p>Formularz zg\u0142oszeniowy dla nauczyciela <a href=\"https:\/\/konsorcjum.edu-it.com.pl\/wp-content\/uploads\/2022\/11\/formularz-zgloszeniowy-nauczyciel-2023.docx\" data-type=\"URL\" data-id=\"https:\/\/konsorcjum.edu-it.com.pl\/wp-content\/uploads\/2022\/11\/formularz-zgloszeniowy-nauczyciel-2023.docx\">pobierz<\/a><\/p>\n\n\n\n<p><\/p>\n\n\n\n<p><\/p>\n\n\n\n<h2 class=\"wp-block-heading\">Dokumenty 2021\/2022<\/h2>\n\n\n\n<p><\/p>\n\n\n\n<p>Regulamin rekrutacji <a href=\"https:\/\/konsorcjum.edu-it.com.pl\/wp-content\/uploads\/2022\/01\/REGULAMIN-rekrutacji-03.01.2022.docx\" data-type=\"URL\">pobierz<\/a><\/p>\n\n\n\n<p>Og\u0142oszenie o rekrutacji uczniowie <a href=\"https:\/\/konsorcjum.edu-it.com.pl\/wp-content\/uploads\/2022\/01\/Ogloszenie-uczniowie-03.01.2022.docx\" data-type=\"URL\">pobierz<\/a><\/p>\n\n\n\n<p>Og\u0142oszenie o rekrutacji nauczyciele <a href=\"https:\/\/konsorcjum.edu-it.com.pl\/wp-content\/uploads\/2022\/01\/Ogloszenie-nauczyciele-03.01.2022.docx\" data-type=\"URL\">pobierz<\/a><\/p>\n\n\n\n<p>Formularz zg\u0142oszeniowy dla ucznia <a href=\"https:\/\/konsorcjum.edu-it.com.pl\/wp-content\/uploads\/2022\/01\/formularz-zgloszeniowy-dla-ucznia-03.01.2022.docx\" data-type=\"URL\">pobierz<\/a><\/p>\n\n\n\n<p>Formularz zg\u0142oszeniowy dla nauczyciela <a href=\"https:\/\/konsorcjum.edu-it.com.pl\/wp-content\/uploads\/2022\/01\/formularz-zgloszeniowy-nauczyciel-03.01.2022.docx\" data-type=\"URL\">pobierz<\/a><\/p>\n\n\n\n<p>Lista os\u00f3b zakwalifikowanych wraz z list\u0105 rezerwow\u0105 24.01.2022 <a href=\"https:\/\/konsorcjum.edu-it.com.pl\/wp-content\/uploads\/2022\/01\/Lista-zakwalifikowanych-uczniow-rezerwowa-24.01.2022.docx\">pobierz<\/a><\/p>\n","protected":false},"excerpt":{"rendered":"<p>Dokumenty 2025\/2026 Dokumenty 2024\/2025 WYNIKI : Lista zakwalifikowanych uczni\u00f3w: Lista uczni\u00f3w.pdf Lista zakwalifikowanych nauczycieli: Lista nauczycieli.pdf Dokumenty 2022\/2023 Regulamin rekrutacji pobierz Og\u0142oszenie o rekrutacji uczniowie pobierz Og\u0142oszenie o rekrutacji nauczyciele pobierz Formularz zg\u0142oszeniowy dla ucznia pobierz Formularz zg\u0142oszeniowy dla nauczyciela pobierz Dokumenty 2021\/2022 Regulamin rekrutacji pobierz Og\u0142oszenie o rekrutacji uczniowie pobierz Og\u0142oszenie o rekrutacji nauczyciele\u2026 <span class=\"read-more\"><a href=\"https:\/\/konsorcjum.edu-it.com.pl\/index.php\/dokumenty\/\">Dowiedz si\u0119 wi\u0119cej &raquo;<\/a><\/span><\/p>\n","protected":false},"author":2,"featured_media":0,"parent":0,"menu_order":0,"comment_status":"closed","ping_status":"closed","template":"","meta":{"footnotes":""},"_links":{"self":[{"href":"https:\/\/konsorcjum.edu-it.com.pl\/index.php\/wp-json\/wp\/v2\/pages\/12"}],"collection":[{"href":"https:\/\/konsorcjum.edu-it.com.pl\/index.php\/wp-json\/wp\/v2\/pages"}],"about":[{"href":"https:\/\/konsorcjum.edu-it.com.pl\/index.php\/wp-json\/wp\/v2\/types\/page"}],"author":[{"embeddable":true,"href":"https:\/\/konsorcjum.edu-it.com.pl\/index.php\/wp-json\/wp\/v2\/users\/2"}],"replies":[{"embeddable":true,"href":"https:\/\/konsorcjum.edu-it.com.pl\/index.php\/wp-json\/wp\/v2\/comments?post=12"}],"version-history":[{"count":28,"href":"https:\/\/konsorcjum.edu-it.com.pl\/index.php\/wp-json\/wp\/v2\/pages\/12\/revisions"}],"predecessor-version":[{"id":848,"href":"https:\/\/konsorcjum.edu-it.com.pl\/index.php\/wp-json\/wp\/v2\/pages\/12\/revisions\/848"}],"wp:attachment":[{"href":"https:\/\/konsorcjum.edu-it.com.pl\/index.php\/wp-json\/wp\/v2\/media?parent=12"}],"curies":[{"name":"wp","href":"https:\/\/api.w.org\/{rel}","templated":true}]}}