{"id":10,"date":"2021-12-11T23:54:03","date_gmt":"2021-12-11T22:54:03","guid":{"rendered":"http:\/\/erasmus.edu-it.com.pl\/?page_id=10"},"modified":"2025-10-17T15:33:41","modified_gmt":"2025-10-17T13:33:41","slug":"o-konsorcjum","status":"publish","type":"page","link":"https:\/\/konsorcjum.edu-it.com.pl\/","title":{"rendered":"O Konsorcjum"},"content":{"rendered":"\n<p><\/p>\n\n\n\n<p class=\"has-medium-font-size\"><strong>Lider<\/strong><\/p>\n\n\n\n<p class=\"has-medium-font-size\">EDU-IT sp.j.<\/p>\n\n\n\n<p class=\"has-medium-font-size\"><strong>E10261719<\/strong><\/p>\n\n\n\n<p class=\"has-medium-font-size\">ul. Hetma\u0144ska 62\/3, 35-078 Rzesz\u00f3w<\/p>\n\n\n\n<p class=\"has-medium-font-size\">tel. 17 854 9930, e-mail: erasmus@edu-it.com.pl<\/p>\n\n\n\n<hr class=\"wp-block-separator has-css-opacity\"\/>\n\n\n\n<p>Akredytacje Erasmus s\u0105 narz\u0119dziem dla organizacji zajmuj\u0105cych si\u0119 kszta\u0142ceniem i szkoleniem zawodowym, kt\u00f3re chc\u0105 otworzy\u0107 si\u0119 na mi\u0119dzynarodow\u0105 wymian\u0119 i wsp\u00f3\u0142prac\u0119. Przyznanie akredytacji Erasmus potwierdza, \u017ce organizacja ustanowi\u0142a plan realizacji wysokiej jako\u015bci dzia\u0142a\u0144 w zakresie mobilno\u015bci i wykorzystania ich do poprawy oferty edukacyjnej i szkoleniowej nale\u017c\u0105cych do konsorcjum szk\u00f3\u0142 i organizacji.<\/p>\n\n\n\n<p class=\"has-normal-font-size\">W 2020 otrzymali\u015bmy akredytacj\u0119 Erasmusa jako koordynator Konsorcjum w zakresie kszta\u0142cenia i szkolenia zawodowego. Celem Konsorcjum jest wsp\u00f3\u0142praca stron oraz wsp\u00f3lna realizacja projekt\u00f3w mobilno\u015bciowych Erasmus+ w perspektywie finansowej na lata 2021-2027.<\/p>\n\n\n\n<p class=\"has-normal-font-size\">EDU-IT posiada do\u015bwiadczenie jako organizacja przyjmuj\u0105ca, realizuj\u0105ca w Rzeszowie i na Podkarpaciu praktyki zawodowe w ramach programu Erasmus+ dla uczni\u00f3w i student\u00f3w. <\/p>\n\n\n\n<p class=\"has-normal-font-size\">W ci\u0105gu ostatnich 10 lat zorganizowali\u015bmy we wsp\u00f3\u0142pracuj\u0105cych firmach, organizacjach i zak\u0142adach pracy sta\u017ce i praktyki zawodowe dla ponad 1500 uczni\u00f3w szk\u00f3\u0142 zawodowych z ca\u0142ej Europy m.in. z Litwy, W\u0119gier, Belgii, Hiszpanii, Portugalii, W\u0142och, Szwecji, Finlandii, Norwegii, Turcji oraz szkolenia zawodowe i sta\u017ce dla oko\u0142o 50 nauczycieli zawodu.<\/p>\n\n\n\n<p><\/p>\n\n\n\n<p><\/p>\n\n\n\n<p class=\"has-large-font-size\">Sk\u0142ad<\/p>\n\n\n\n<p>Konsorcjum sk\u0142ada si\u0119 z nast\u0119puj\u0105cych plac\u00f3wek:<\/p>\n\n\n\n<p class=\"has-large-font-size\">Cele<\/p>\n\n\n\n<div class=\"wp-block-group\"><div class=\"wp-block-group__inner-container is-layout-constrained wp-block-group-is-layout-constrained\">\n<div class=\"wp-block-columns is-layout-flex wp-container-core-columns-is-layout-1 wp-block-columns-is-layout-flex\">\n<div class=\"wp-block-column is-layout-flow wp-block-column-is-layout-flow\" style=\"flex-basis:100%\">\n<div class=\"wp-block-group\"><div class=\"wp-block-group__inner-container is-layout-constrained wp-block-group-is-layout-constrained\">\n<div class=\"wp-block-group\"><div class=\"wp-block-group__inner-container is-layout-constrained wp-block-group-is-layout-constrained\">\n<div class=\"wp-block-group\"><div class=\"wp-block-group__inner-container is-layout-constrained wp-block-group-is-layout-constrained\">\n<div class=\"wp-block-group\"><div class=\"wp-block-group__inner-container is-layout-constrained wp-block-group-is-layout-constrained\">\n<div class=\"wp-block-group\"><div class=\"wp-block-group__inner-container is-layout-constrained wp-block-group-is-layout-constrained\">\n<div class=\"wp-block-group\"><div class=\"wp-block-group__inner-container is-layout-constrained wp-block-group-is-layout-constrained\">\n<figure class=\"wp-block-table is-style-stripes\"><table><thead><tr><th>Nazwa plac\u00f3wki<\/th><th>specjalizacja<\/th><\/tr><\/thead><tbody><tr><td><strong>EDU-IT<\/strong><br><strong>Lider konsorcjum<\/strong><br><strong>&nbsp;<\/strong><br><a href=\"https:\/\/edu-it.com.pl\/\">www.edu-it.com.pl<\/a><\/td><td>prowadzenie i organizacja szkole\u0144 i kurs\u00f3w zawodowych, w tym kwalifikacyjnych, doradztwa zawodowego, trening\u00f3w kompetencji spo\u0142ecznych, wsparcia psychologicznego itp., realizacja kurs\u00f3w, trening\u00f3w, warsztat\u00f3w, wyjazd\u00f3w, sta\u017cy i praktyk zawodowych<\/td><\/tr><tr><td>Zesp\u00f3\u0142 Szk\u00f3\u0142 Drogowo-Geodezyjnych i Licealnych<br>w Jaros\u0142awiu<br><br><a href=\"https:\/\/www.tdgjar.edu.pl\/\">www.tdgjar.edu.pl<\/a><\/td><td><em>Technikum:<\/em><br>Technik geodeta<\/td><\/tr><tr><td>Zesp\u00f3\u0142 Szk\u00f3\u0142 Technicznych<br>w \u0141a\u0144cucie<br><a href=\"https:\/\/www.zstlancut.pl\/\">www.zstlancut.pl<\/a><\/td><td><em>Technikum:<\/em><br>technik pojazd\u00f3w samochodowych<br>technik budownictwa<br>technik architektury krajobrazu<br>technik spawalnictwa<br>technik logistyk<br><em>Szko\u0142a Bran\u017cowa I stopnia:<\/em><br>mechanik pojazd\u00f3w samochodowych<br>elektromechanik pojazd\u00f3w samochodowych<br>kierowca mechanik<br>monter zabudowy i rob\u00f3t wyko\u0144czeniowych <br>w budownictwie<\/td><\/tr><tr><td>Powiatowe Centrum Kszta\u0142cenia Zawodowego im. Felicjana Dzier\u017canowskiego <br>w \u0141a\u0144cucie<br><br><a href=\"http:\/\/pckz.pl\/\">www.pckpiez-lancut.pl<\/a><\/td><td>technik pojazd\u00f3w samochodowych<br>mechanik pojazd\u00f3w samochodowych<br>elektromechanik samochodowy<br>operator obrabiarek skrawaj\u0105cych CNC<br>technik mechanizacji rolnictwa<br>technik architektury krajobrazu<br>technik budownictwa<\/td><\/tr><tr><td>Zesp\u00f3\u0142 Szk\u00f3\u0142 Nr 2 im. Jana Kochanowskiego <br>w \u0141a\u0144cucie<br><br><a href=\"https:\/\/zs2lancut.pl\/\">www.zs2lancut.pl<\/a><\/td><td><em>Technikum:<\/em><br>technik programista<br>technik mechatronik<br>technik informatyk<br>technik mechanik lotniczy<br><em>Liceum Og\u00f3lnokszta\u0142c\u0105ce:<\/em><br>profil policyjny<br>profil wojskowy<\/td><\/tr><tr><td>Zesp\u00f3\u0142 Szk\u00f3\u0142 Energetycznych <br>im. gen. W\u0142adys\u0142awa Sikorskiego <br>w Rzeszowie<br><br><a href=\"https:\/\/energetyk.ires.pl\/\">www.energetyk.ires.pl<\/a><\/td><td><em>Technikum:<\/em><br>technik elektryk<br>technik informatyk<br>technik fotografii i multimedi\u00f3w<br>technik urz\u0105dze\u0144 i system\u00f3w energetyki odnawialnej<br>technik elektronik<\/td><\/tr><tr><td>Zesp\u00f3\u0142 Szk\u00f3\u0142 Mechanicznych im. gen. W\u0142adys\u0142awa Andersa <br>w Rzeszowie<br><br><a href=\"https:\/\/zsm.resman.pl\/\">www.zsm.resman.pl<\/a><br><\/td><td><em>Technikum:<\/em><br>technik mechanik lotniczy<br>technik robotyk<br>technik awionik<br>technik lotniskowych s\u0142u\u017cb operacyjnych<br>technik mechatronik<br>technik mechanik<br>technik us\u0142ug fryzjerskich<\/td><\/tr><tr><td>Zesp\u00f3\u0142 Szk\u00f3\u0142 Technicznych w Mielcu<br><br><a href=\"https:\/\/zstmielec.pl\/\">www.zstmielec.pl<\/a><\/td><td><em>Technikum:<\/em><br>technik \u017cywienia i us\u0142ug gastronomicznych z dietetyk\u0105<br>technik pojazd\u00f3w samochodowych <br>technik mechanik lotniczy <br>technik awionik<br>technik mechanik (CNC)<br>technik informatyk<br>technik grafiki i poligrafii cyfrowej<br>technik robotyk<br>technik programista<br>technik elektromobilno\u015bci<br><em>Szko\u0142a Bran\u017cowa I Stopnia:<\/em><br>cukiernik<br>kucharz<br>kelner z baristyk\u0105<br>operator obrabiarek skrawaj\u0105cych<br>mechanik pojazd\u00f3w samochodowych<\/td><\/tr><tr><td>Zesp\u00f3\u0142 Szk\u00f3\u0142 Samochodowych <br>w Rzeszowie<br><br><a href=\"https:\/\/samochodowka.rzeszow.pl\/\">www.samochodowka.rzeszow.pl<\/a><\/td><td><em>Technikum: <\/em><br>technik mechatronik<br>technik pojazd\u00f3w samochodowych<br><em>Szko\u0142a Bran\u017cowa I Stopnia:<\/em><br>elektromechanik pojazd\u00f3w samochodowych<br>lakiernik<br>mechanik pojazd\u00f3w samochodowych<br>blacharz samochodowy<br>mechanik motocyklowy<br>mechatronik<br>kierowca mechanik<\/td><\/tr><tr><td>Centrum Edukacji Zawodowej w Stalowej Woli<br><a href=\"https:\/\/www.cezstalowawola.pl\/\">www.cezstalowawola.pl<\/a><\/td><td><em>Technikum: <\/em><br>technik mechanik<br>technik pojazd\u00f3w samochodowych<br>technik programista<br>technik informatyk<br>technik reklamy<br>technik mechatronik<br>technik us\u0142ug fryzjerskich<br>technik mechatronik<br>technik elektryk<br><em>Szko\u0142a Bran\u017cowa I Stopnia:<\/em><br>operator obrabiarek skrawaj\u0105cych<br>mechanik pojazd\u00f3w samochodowych<br>lakiernik samochodowy<\/td><\/tr><tr><td>Zesp\u00f3\u0142 Szk\u00f3\u0142 im. prof. Janusza Groszkowskiego w Mielcu<br><a href=\"https:\/\/www.zs.mielec.pl\/\">www.zs.mielec.pl<\/a><\/td><td><em>Technikum: <\/em><br>technik elektryk \u2013 oddzia\u0142 przygotowania wojskowego<br>technik elektronik \u2013 oddzia\u0142 przygotowania wojskowego<br>technik teleinformatyk<br>technik mechatronik<br>technik automatyk<br>technik spawalnictwa<br>technik stylista<br>technik us\u0142ug fryzjerskich<br>technik hotelarstwa<br><em>Szko\u0142a Bran\u017cowa I Stopnia:<\/em><br>fryzjer<br>elektromechanik pojazd\u00f3w samochodowych<br>elektryk<\/td><\/tr><tr><td>Zesp\u00f3\u0142 Szk\u00f3\u0142 Spo\u017cywczych <br>i Biznesowych im. Marii Curie &#8211; Sk\u0142odowskiej <br>w Jaros\u0142awiu<br><br><a href=\"https:\/\/zssibjaroslaw.edu.pl\/\">www.zssibjaroslaw.edu.pl<\/a><\/td><td><em>Technikum:<\/em><br>technik technologii \u017cywno\u015bci<br>technik analityk<br>technik \u017cywienia<br>technik hotelarstwa<br>technik us\u0142ug fryzjerskich<br><em>Szko\u0142a Bran\u017cowa I Stopnia:<\/em><br>operator maszyn i urz\u0105dze\u0144 przemys\u0142u spo\u017cywczego <br>kelner<br>kucharz<br>fryzjer<br>pracownik obs\u0142ugi hotelowej<br>cukiernik<\/td><\/tr><tr><td>Zesp\u00f3\u0142 Szk\u00f3\u0142 Nr 1 <br>im. Ambro\u017cego Towarnickiego <br>w Rzeszowie<br><br><a href=\"https:\/\/tb.resman.pl\/\">www.tb.resman.pl<\/a><\/td><td><em>Technikum:<\/em><br>technik budownictwa<br>technik in\u017cynierii sanitarnej<br>technik rob\u00f3t wyko\u0144czeniowych w budownictwie<\/td><\/tr><\/tbody><\/table><\/figure>\n<\/div><\/div>\n<\/div><\/div>\n<\/div><\/div>\n<\/div><\/div>\n<\/div><\/div>\n<\/div><\/div>\n<\/div>\n<\/div>\n<\/div><\/div>\n\n\n\n<p><\/p>\n\n\n\n<p><\/p>\n\n\n\n<p>G\u0142\u00f3wnym celem konsorcjum jest dzia\u0142anie na rzecz zbli\u017cenia i wsp\u00f3\u0142pracy szk\u00f3\u0142 zawodowych z pracodawcami\/przedsi\u0119biorstwami. Celem jest tak\u017ce wsp\u00f3\u0142praca i wsp\u00f3lne dzia\u0142anie na rzecz rozwoju mi\u0119dzynarodowej wsp\u00f3\u0142pracy pomi\u0119dzy instytucjami szkolnictwa zawodowego z kraj\u00f3w UE. Misj\u0105 jest powstanie wsp\u00f3\u0142pracuj\u0105cej razem, silnej grupy instytucji kszta\u0142cenia zawodowego posiadaj\u0105cej know-how i dobre praktyki, kt\u00f3ra b\u0119dzie oddzia\u0142ywa\u0107 na ca\u0142y region Podkarpacia.<\/p>\n\n\n\n<p>Potrzeby i wyzwania cz\u0142onk\u00f3w konsorcjum to:<\/p>\n\n\n\n<p>1) realizacja oferowanego kszta\u0142cenia we wsp\u00f3\u0142pracy z wysokorozwini\u0119tymi przedsi\u0119biorstwami europejskimi,<\/p>\n\n\n\n<p>2) rozw\u00f3j wsp\u00f3\u0142pracy z europejskimi instytucjami kszta\u0142cenia zawodowego,<\/p>\n\n\n\n<p>3) poprawa jako\u015bci nauczania oraz wynik\u00f3w z egzamin\u00f3w zawodowych,<\/p>\n\n\n\n<p>4) poprawa umiej\u0119tno\u015bci komunikowania si\u0119 w j\u0119zyku obcym w sprawach zawodowych uczni\u00f3w i kadry,<\/p>\n\n\n\n<p>5) rozw\u00f3j kadry poprzez aktualizacj\u0119 wiedzy i umiej\u0119tno\u015bci zawodowych, udzia\u0142 w wysokiej jako\u015bci szkoleniach bran\u017cowych aktualizuj\u0105cych wiedz\u0119 zawodow\u0105, udzia\u0142 w szkoleniachjobshadowing, itp.<\/p>\n\n\n\n<p>6) wymiana kontakt\u00f3w, do\u015bwiadczenia oraz system\u00f3w i metod kszta\u0142cenia mi\u0119dzy nauczycielami z Polski a zagraniczn\u0105 kadr\u0105 zajmuj\u0105c\u0105 si\u0119 kszta\u0142ceniem zawodowym,<\/p>\n\n\n\n<p>7) dostosowanie dotychczasowych system\u00f3w szkole\u0144, form i metod kszta\u0142cenia do potrzeb i wymaga\u0144 krajowych i zagranicznych pracodawc\u00f3w,<\/p>\n\n\n\n<p>8) zwi\u0119kszenie mobilno\u015bci zawodowej absolwent\u00f3w instytucji tworz\u0105cych konsorcjum.<\/p>\n","protected":false},"excerpt":{"rendered":"<p>Lider EDU-IT sp.j. E10261719 ul. Hetma\u0144ska 62\/3, 35-078 Rzesz\u00f3w tel. 17 854 9930, e-mail: erasmus@edu-it.com.pl Akredytacje Erasmus s\u0105 narz\u0119dziem dla organizacji zajmuj\u0105cych si\u0119 kszta\u0142ceniem i szkoleniem zawodowym, kt\u00f3re chc\u0105 otworzy\u0107 si\u0119 na mi\u0119dzynarodow\u0105 wymian\u0119 i wsp\u00f3\u0142prac\u0119. Przyznanie akredytacji Erasmus potwierdza, \u017ce organizacja ustanowi\u0142a plan realizacji wysokiej jako\u015bci dzia\u0142a\u0144 w zakresie mobilno\u015bci i wykorzystania ich do\u2026 <span class=\"read-more\"><a href=\"https:\/\/konsorcjum.edu-it.com.pl\/\">Dowiedz si\u0119 wi\u0119cej &raquo;<\/a><\/span><\/p>\n","protected":false},"author":2,"featured_media":0,"parent":0,"menu_order":0,"comment_status":"closed","ping_status":"closed","template":"","meta":{"footnotes":""},"_links":{"self":[{"href":"https:\/\/konsorcjum.edu-it.com.pl\/index.php\/wp-json\/wp\/v2\/pages\/10"}],"collection":[{"href":"https:\/\/konsorcjum.edu-it.com.pl\/index.php\/wp-json\/wp\/v2\/pages"}],"about":[{"href":"https:\/\/konsorcjum.edu-it.com.pl\/index.php\/wp-json\/wp\/v2\/types\/page"}],"author":[{"embeddable":true,"href":"https:\/\/konsorcjum.edu-it.com.pl\/index.php\/wp-json\/wp\/v2\/users\/2"}],"replies":[{"embeddable":true,"href":"https:\/\/konsorcjum.edu-it.com.pl\/index.php\/wp-json\/wp\/v2\/comments?post=10"}],"version-history":[{"count":24,"href":"https:\/\/konsorcjum.edu-it.com.pl\/index.php\/wp-json\/wp\/v2\/pages\/10\/revisions"}],"predecessor-version":[{"id":864,"href":"https:\/\/konsorcjum.edu-it.com.pl\/index.php\/wp-json\/wp\/v2\/pages\/10\/revisions\/864"}],"wp:attachment":[{"href":"https:\/\/konsorcjum.edu-it.com.pl\/index.php\/wp-json\/wp\/v2\/media?parent=10"}],"curies":[{"name":"wp","href":"https:\/\/api.w.org\/{rel}","templated":true}]}}